{"id":2,"date":"2026-03-04T12:04:19","date_gmt":"2026-03-04T11:04:19","guid":{"rendered":"http:\/\/test.bestattung-gaming.at\/?page_id=2"},"modified":"2026-03-04T12:25:42","modified_gmt":"2026-03-04T11:25:42","slug":"beispiel-seite","status":"publish","type":"page","link":"https:\/\/test.bestattung-gaming.at\/","title":{"rendered":"Update"},"content":{"rendered":"<div class=\"wpb-content-wrapper\">[mk_page_section attachment=&#8220;fixed&#8220; bg_position=&#8220;center center&#8220; bg_repeat=&#8220;no-repeat&#8220; speed_factor=&#8220;-0.5&#8243; bg_gradient=&#8220;vertical&#8220; video_color_mask=&#8220;rgba(0,0,0,0.5)&#8220; gr_end=&#8220;rgba(0,0,0,0.1)&#8220; min_height=&#8220;0&#8243; full_width=&#8220;true&#8220; padding_top=&#8220;40&#8243; padding_bottom=&#8220;40&#8243; section_id=&#8220;kontakt&#8220; sidebar=&#8220;sidebar-1&#8243;][vc_column][mk_padding_divider size=&#8220;80&#8243; visibility=&#8220;hidden-sm&#8220;][mk_fancy_title strip_tags=&#8220;true&#8220; tag_name=&#8220;h1&#8243; color=&#8220;#ffffff&#8220; size=&#8220;60&#8243; force_font_size=&#8220;true&#8220; size_smallscreen=&#8220;55&#8243; size_tablet=&#8220;40&#8243; size_phone=&#8220;30&#8243; font_style=&#8220;italic&#8220; letter_spacing=&#8220;2&#8243; margin_bottom=&#8220;15&#8243; font_family=&#8220;none&#8220; align=&#8220;center&#8220;]Bestattung Aigner[\/mk_fancy_title][mk_fancy_title strip_tags=&#8220;true&#8220; color=&#8220;#ffffff&#8220; size=&#8220;55&#8243; force_font_size=&#8220;true&#8220; size_smallscreen=&#8220;50&#8243; size_tablet=&#8220;35&#8243; size_phone=&#8220;25&#8243; font_style=&#8220;italic&#8220; letter_spacing=&#8220;1&#8243; margin_bottom=&#8220;0&#8243; font_family=&#8220;none&#8220; align=&#8220;center&#8220;]Gaming[\/mk_fancy_title][mk_padding_divider size=&#8220;80&#8243; visibility=&#8220;hidden-sm&#8220;][\/vc_column][\/mk_page_section][mk_page_section bg_color=&#8220;#ffffff&#8220; full_width=&#8220;true&#8220; padding_top=&#8220;40&#8243; padding_bottom=&#8220;40&#8243; section_id=&#8220;kontakt&#8220; sidebar=&#8220;sidebar-1&#8243;][vc_column][mk_padding_divider size=&#8220;30&#8243; visibility=&#8220;hidden-sm&#8220;][mk_fancy_title strip_tags=&#8220;true&#8220; tag_name=&#8220;h3&#8243; size=&#8220;50&#8243; force_font_size=&#8220;true&#8220; size_smallscreen=&#8220;45&#8243; size_tablet=&#8220;30&#8243; size_phone=&#8220;25&#8243; font_style=&#8220;italic&#8220; letter_spacing=&#8220;1&#8243; margin_bottom=&#8220;30&#8243; font_family=&#8220;none&#8220; align=&#8220;center&#8220;]Kontakt[\/mk_fancy_title][vc_row_inner el_class=&#8220;max1000 zen&#8220;][vc_column_inner width=&#8220;1\/2&#8243;][mk_image src=&#8220;https:\/\/bestattung-gaming.at\/inhalte\/uploads\/2019\/12\/team_bestattung-aigner.jpg&#8220; image_size=&#8220;full&#8220; el_class=&#8220;max300 rund zen&#8220;][\/vc_column_inner][vc_column_inner width=&#8220;1\/2&#8243;][mk_padding_divider size=&#8220;20&#8243;][vc_column_text css=&#8220;.vc_custom_1578566697453{margin-bottom: 0px !important;}&#8220;]\n<h4>Franz Aigner jun. und sen.<\/h4>\n<p>Auskunft, Abholung, \u00dcberf\u00fchrung, Begr\u00e4bnis<br \/>\n<a href=\"tel:0043676847652201\">0676\/847652-201<\/a><\/p>\n<h4 style=\"margin-top: 40px;\">Gertrude Hoffegger<\/h4>\n<p>Sekretariat, Organisation, Auskunft, Trauerdruck<br \/>\n<a href=\"tel:0043748597251\">07485\/97251<\/a><\/p>\n<p>Emails an <a href=\"mailto:besta&#116;&#116;&#117;&#110;&#103;&#64;&#109;&#111;&#101;&#98;&#101;&#108;&#45;&#97;&#105;&#x67;&#x6e;&#x65;&#x72;&#x2e;&#x61;&#x74;\">&#x62;&#x65;&#x73;&#x74;&#x61;&#x74;&#x74;&#117;&#110;&#103;&#64;&#109;oebe&#x6c;&#x2d;&#x61;&#x69;&#x67;&#x6e;&#x65;&#x72;&#46;&#97;&#116;<\/a>[\/vc_column_text][\/vc_column_inner][\/vc_row_inner][mk_divider style=&#8220;thin_solid&#8220; divider_width=&#8220;one_half&#8220; thin_single_color=&#8220;#d5a940&#8243; margin_top=&#8220;30&#8243; margin_bottom=&#8220;50&#8243;][vc_column_text align=&#8220;center&#8220; css=&#8220;.vc_custom_1760425408005{margin-bottom: 0px !important;}&#8220;]\n<h4>Wir sind \u00fcbersiedelt, unsere neue Adresse lautet:<\/h4>\n<p>\u203a Torm\u00e4uerstra\u00dfe 14, 3292 Gaming[\/vc_column_text][mk_gallery images=&#8220;339,342,343,340,341&#8243; column=&#8220;5&#8243; image_size=&#8220;medium&#8220; hover_scenarios=&#8220;slow_zoom&#8220; margin_bottom=&#8220;10&#8243; orderby=&#8220;post__in&#8220; el_class=&#8220;max1000 zen&#8220;][mk_divider style=&#8220;thin_solid&#8220; divider_width=&#8220;one_fourth&#8220; thin_single_color=&#8220;#d5a940&#8243; margin_top=&#8220;30&#8243; margin_bottom=&#8220;50&#8243;][mk_padding_divider size=&#8220;30&#8243; visibility=&#8220;hidden-sm&#8220;][\/vc_column][\/mk_page_section][mk_page_section full_width=&#8220;true&#8220; full_height=&#8220;true&#8220; padding_top=&#8220;40&#8243; padding_bottom=&#8220;40&#8243; section_id=&#8220;parten&#8220; sidebar=&#8220;sidebar-1&#8243;][vc_column][mk_padding_divider size=&#8220;30&#8243; visibility=&#8220;hidden-sm&#8220;][vc_row_inner is_fullwidth_content=&#8220;false&#8220;][vc_column_inner][mk_fancy_title strip_tags=&#8220;true&#8220; tag_name=&#8220;h3&#8243; color=&#8220;#ffffff&#8220; size=&#8220;50&#8243; force_font_size=&#8220;true&#8220; size_smallscreen=&#8220;45&#8243; size_tablet=&#8220;30&#8243; size_phone=&#8220;25&#8243; font_style=&#8220;italic&#8220; letter_spacing=&#8220;1&#8243; font_family=&#8220;none&#8220; align=&#8220;center&#8220;]Aktuelle Trauerf\u00e4lle \/ Parten[\/mk_fancy_title][mk_fancy_title strip_tags=&#8220;true&#8220; tag_name=&#8220;span&#8220; color=&#8220;#ffffff&#8220; size=&#8220;25&#8243; force_font_size=&#8220;true&#8220; size_smallscreen=&#8220;24&#8243; size_tablet=&#8220;21&#8243; size_phone=&#8220;16&#8243; font_style=&#8220;normal&#8220; font_family=&#8220;none&#8220; align=&#8220;center&#8220;]Wir ver\u00f6ffentlichen auf unserer Seite nur Parten auf ausdr\u00fccklichen Wunsch der Angeh\u00f6rigen.[\/mk_fancy_title][mk_blog style=&#8220;classic&#8220; image_size=&#8220;full&#8220; post_count=&#8220;4&#8243; full_content=&#8220;true&#8220; pagination=&#8220;false&#8220;][mk_button dimension=&#8220;savvy&#8220; corner_style=&#8220;rounded&#8220; size=&#8220;large&#8220; letter_spacing=&#8220;1&#8243; url=&#8220;https:\/\/bestattung-gaming.at\/aktuelle-trauerfaelle-parten\/&#8220; align=&#8220;center&#8220; margin_top=&#8220;20&#8243; margin_bottom=&#8220;0&#8243; margin_right=&#8220;0&#8243; animation=&#8220;top-to-bottom&#8220; outline_skin=&#8220;custom&#8220; outline_active_color=&#8220;#d5a940&#8243; outline_active_text_color=&#8220;#ffffff&#8220; outline_hover_bg_color=&#8220;#2e2e2e&#8220; outline_hover_color=&#8220;#ffffff&#8220;]Alle anzeigen[\/mk_button][\/vc_column_inner][\/vc_row_inner][mk_padding_divider size=&#8220;30&#8243; visibility=&#8220;hidden-sm&#8220;][\/vc_column][\/mk_page_section][mk_page_section bg_color=&#8220;#ffffff&#8220; full_width=&#8220;true&#8220; padding_top=&#8220;40&#8243; padding_bottom=&#8220;40&#8243; section_id=&#8220;informationen&#8220; sidebar=&#8220;sidebar-1&#8243;][vc_column][mk_padding_divider size=&#8220;30&#8243; visibility=&#8220;hidden-sm&#8220;][mk_fancy_title strip_tags=&#8220;true&#8220; tag_name=&#8220;h3&#8243; size=&#8220;50&#8243; force_font_size=&#8220;true&#8220; size_smallscreen=&#8220;45&#8243; size_tablet=&#8220;30&#8243; size_phone=&#8220;25&#8243; font_style=&#8220;italic&#8220; letter_spacing=&#8220;1&#8243; font_family=&#8220;none&#8220; align=&#8220;center&#8220;]Informationen[\/mk_fancy_title][vc_row_inner el_class=&#8220;max1000 zen&#8220;][vc_column_inner width=&#8220;1\/2&#8243;][mk_image src=&#8220;https:\/\/bestattung-gaming.at\/inhalte\/uploads\/2019\/12\/beten.jpg&#8220; image_size=&#8220;full&#8220; el_class=&#8220;max300 rund zen&#8220;][\/vc_column_inner][vc_column_inner width=&#8220;1\/2&#8243;][mk_padding_divider size=&#8220;20&#8243;][mk_blockquote font_family=&#8220;none&#8220; font_size_combat=&#8220;true&#8220; text_size=&#8220;25&#8243; force_font_size=&#8220;true&#8220; size_smallscreen=&#8220;23&#8243; size_tablet=&#8220;21&#8243; size_phone=&#8220;19&#8243;]Bei der Organisation eines Begr\u00e4bnisses sind Sie nicht auf sich alleine gestellt.<\/p>\n<p>Es gibt kompetente Partner, die Sie unterst\u00fctzen.[\/mk_blockquote][\/vc_column_inner][\/vc_row_inner][vc_row_inner is_fullwidth_content=&#8220;false&#8220; el_class=&#8220;max1000 zen&#8220;][vc_column_inner][mk_divider style=&#8220;thin_solid&#8220; divider_width=&#8220;one_fourth&#8220; thin_single_color=&#8220;#d5a940&#8243; margin_top=&#8220;70&#8243;][mk_fancy_title strip_tags=&#8220;true&#8220; tag_name=&#8220;h4&#8243; size=&#8220;35&#8243; force_font_size=&#8220;true&#8220; size_smallscreen=&#8220;30&#8243; size_tablet=&#8220;25&#8243; size_phone=&#8220;20&#8243; font_style=&#8220;italic&#8220; letter_spacing=&#8220;1&#8243; margin_bottom=&#8220;0&#8243; font_family=&#8220;none&#8220; align=&#8220;center&#8220;]Was im Trauerfall zu tun ist&#8230;[\/mk_fancy_title][mk_divider style=&#8220;thin_solid&#8220; divider_width=&#8220;one_fourth&#8220; thin_single_color=&#8220;#d5a940&#8243; margin_bottom=&#8220;40&#8243;][mk_toggle title=&#8220;Ihr Angeh\u00f6riger verstirbt zu Hause&#8220;]\n<ul>\n<li>Benachrichtigung des behandelnden Arztes <small>(f\u00fcr die Totenbeschau)<\/small><\/li>\n<li>Anruf beim Bestattungsunternehmen<\/li>\n<li>Kleidung vorbereiten<br \/>\n<small>(Unterw\u00e4sche, Str\u00fcmpfe, Kleid\/Anzug\/Lieblingskleidung, keine Schuhe)<\/small><\/li>\n<li>Papiere vorbereiten\n<ul>\n<li>Geburtsurkunde<\/li>\n<li>Staatsb\u00fcrgerschaftsnachweis<\/li>\n<li>Heiratsurkunde<\/li>\n<li>bei Geschiedenen: Scheidungsurteil<\/li>\n<li>Meldenachweis<\/li>\n<li>bei Verwitweten: Sterbeurkunde des Ehepartners<\/li>\n<li>bei nicht\u00f6sterreichischen Staatsb\u00fcrgern: Reisepass<\/li>\n<li>bei Akademikern: urkundlicher Nachweis akademischer Grad<\/li>\n<li>Original Versicherungspolizze, falls vorhanden<br \/>\n<small>(wir verrechnen direkt mit dem Wr. Verein)<\/small><\/li>\n<\/ul>\n<\/li>\n<li>Adressenliste \u2013 der zu verst\u00e4ndigenden Personen<br \/>\n<small>(Verwandte, Freunde, Kollegen,\u2026)<\/small><\/li>\n<li>Foto f\u00fcr Parten aussuchen<\/li>\n<\/ul>\n[\/mk_toggle][mk_toggle title=&#8220;Ihr Angeh\u00f6riger verstirbt im Krankenhaus oder Pensionistenheim&#8220;]\n<ul>\n<li>Anruf beim Bestattungsunternehmen<\/li>\n<li>Kleidung und\u00a0 Papiere zum Bestatter bringen<\/li>\n<li>Gedanken \u00fcber die Art der Bestattung<br \/>\n(Erd- oder Feuerbestattung)<\/li>\n<li>nach der Freigabe des Verstorbenen kann der Bestatter die \u00dcberf\u00fchrung durchf\u00fchren<\/li>\n<\/ul>\n[\/mk_toggle][mk_toggle title=&#8220;Folgende \u00dcberlegungen m\u00fcssen die Hinterbliebenen anstellen, falls der Verstorbene keine Vorkehrungen getroffen hat&#8220;]\n<ul>\n<li>Art der Bestattung: Erd- oder Feuerbestattung<\/li>\n<li>Sterbeversicherung<\/li>\n<li>Sargauswahl<\/li>\n<li>Friedhof, Grabstelle<\/li>\n<li>Trauerfeier durch Priester oder Trauerredner<\/li>\n<li>Todesanzeige, Gedenkbilder<\/li>\n<li>Zeitungseinschaltungen<\/li>\n<li>Blumenspenden, Kranzabl\u00f6sen<\/li>\n<\/ul>\n[\/mk_toggle][mk_toggle title=&#8220;Vorbereitung des Begr\u00e4bnisses&#8220;]\n<ul>\n<li>nach der Freigabe des Verstorbenen den Termin f\u00fcr das Begr\u00e4bnis und die Betstunde mit Pfarramt, Gemeinde und Bestattung koordinieren.<br \/>\nWir k\u00f6nnen dies gerne f\u00fcr Sie erledigen.<\/li>\n<li>Trauerdrucksorten beim Bestatter ausw\u00e4hlen und versenden<\/li>\n<li>Gasthaus f\u00fcr das Totenmahl ausw\u00e4hlen<\/li>\n<li>Vereine informieren<\/li>\n<li>Mitgestaltung der Begr\u00e4bnisfeier<br \/>\n(Lesung, F\u00fcrbitten,\u2026)<\/li>\n<li>Blumenschmuck bestellen<br \/>\n(Sarggesteck, Kr\u00e4nze,\u2026)<\/li>\n<li>Steinmetz informieren<\/li>\n<\/ul>\n[\/mk_toggle][mk_toggle title=&#8220;Abmeldung des Verstorbenen bei&#8220;]\n<ul>\n<li>diverse Versicherungen<\/li>\n<li>Bank<\/li>\n<li>Telefon<\/li>\n<li>Wohnung<\/li>\n<li>KFZ<\/li>\n<li>Arbeitgeber oder Pensionsstelle<\/li>\n<li>Mitgliedschaften oder Abo<\/li>\n<\/ul>\n[\/mk_toggle][mk_toggle title=&#8220;Wichtige Telefonnummern&#8220;]\n<ul>\n<li><a href=\"http:\/\/pfarre.kirche.at\/gaming\/\" target=\"_blank\" rel=\"noopener noreferrer\">Pfarramt Gaming<\/a><br \/>\n07485\/97241<\/li>\n<li><a href=\"https:\/\/www.evang-melk-scheibbs.at\/\" target=\"_blank\" rel=\"noopener noreferrer\">Evang. Pfarramt Melk<\/a><br \/>\n02752\/52275<\/li>\n<li>Notarin Mag.iur. Mag.phil.<br \/>\nSimone Gloria Engelbrechtsm\u00fcller, MBL<br \/>\n07485\/98335<br \/>\n<a href=\"&#x6d;&#x61;&#105;&#108;t&#x6f;&#x3a;&#x6b;&#97;&#110;z&#x6c;&#x65;&#x69;&#64;&#110;o&#x74;&#x61;&#x72;&#105;&#110;-&#x67;&#x61;&#x6d;&#105;ng&#x2e;&#x61;&#x74;\">k&#97;&#110;&#x7a;&#x6c;&#x65;&#x69;&#64;&#110;&#111;&#116;&#x61;&#x72;&#x69;n-&#103;&#97;&#x6d;&#x69;&#x6e;g&#46;&#97;&#116;<\/a><\/li>\n<li><a href=\"http:\/\/www.gaming.gv.at\/Standesamt\" target=\"_blank\" rel=\"noopener noreferrer\">Standesamt Gaming<\/a><br \/>\n07485\/97308-14<\/li>\n<li><a href=\"http:\/\/www.gaming.gv.at\/Dr_Barbara_Lindner\" target=\"_blank\" rel=\"noopener noreferrer\">Dr. Lindner<\/a><br \/>\n07485\/98488<\/li>\n<li><a href=\"https:\/\/scheibbs.lknoe.at\/\" target=\"_blank\" rel=\"noopener noreferrer\">Krankenhaus Scheibbs<\/a><br \/>\n07482\/404-0<\/li>\n<li><a href=\"http:\/\/www.blumen-mayrhofer.at\/#standorte\" target=\"_blank\" rel=\"noopener noreferrer\">Blumen Mayrhofer<\/a><br \/>\n07485\/97412<\/li>\n<li><a href=\"http:\/\/www.gaming.gv.at\/Charlotte_Weber\" target=\"_blank\" rel=\"noopener noreferrer\">Charlotte Weber &#8211; Trauerrednerin<\/a><br \/>\n0676\/6554400<\/li>\n<\/ul>\n<p><b>Gasth\u00e4user<\/b><\/p>\n<ul>\n<li><a href=\"https:\/\/www.kartause-gaming.at\/\" target=\"_blank\" rel=\"noopener noreferrer\">Kartause Gaming<\/a><br \/>\n07485\/98466-22<\/li>\n<li><a href=\"https:\/\/berghof-gaming.webnode.at\/\" target=\"_blank\" rel=\"noopener noreferrer\">Berghof<\/a> &#8211; auf Anfrage<br \/>\n07485\/97450<\/li>\n<li><a href=\"http:\/\/www.erlauftalerhof.at\/\" target=\"_blank\" rel=\"noopener noreferrer\">Erlauftalerhof<\/a><br \/>\n07485\/98590<\/li>\n<li><a href=\"https:\/\/www.gasthaus-schernhammer.at\/\" target=\"_blank\" rel=\"noopener noreferrer\">Gasthaus Schernhammer<\/a><br \/>\n0664\/1530255<\/li>\n<\/ul>\n[\/mk_toggle][mk_fancy_title strip_tags=&#8220;true&#8220; tag_name=&#8220;h4&#8243; size=&#8220;20&#8243; font_style=&#8220;italic&#8220; letter_spacing=&#8220;1&#8243; margin_top=&#8220;50&#8243; margin_bottom=&#8220;50&#8243; font_family=&#8220;none&#8220; align=&#8220;center&#8220;]Ber\u00fccksichtigen Sie auf jeden Fall die W\u00fcnsche des Verstorbenen![\/mk_fancy_title][mk_blockquote font_family=&#8220;none&#8220; font_size_combat=&#8220;true&#8220; text_size=&#8220;25&#8243; force_font_size=&#8220;true&#8220; size_smallscreen=&#8220;23&#8243; size_tablet=&#8220;21&#8243; size_phone=&#8220;19&#8243;]Nehmen Sie sich Zeit f\u00fcr die Verabschiedung von Ihrem Verstorbenen und verst\u00e4ndigen Sie Angeh\u00f6rige, die das ebenfalls gerne m\u00f6chten. Das Realisieren des Todes ist f\u00fcr die Bew\u00e4ltigung der Trauer von gro\u00dfer Wichtigkeit.[\/mk_blockquote][\/vc_column_inner][\/vc_row_inner][vc_row_inner disable_element=&#8220;yes&#8220; el_class=&#8220;max1000 zen&#8220;][vc_column_inner][mk_blockquote font_family=&#8220;none&#8220; font_size_combat=&#8220;true&#8220; text_size=&#8220;25&#8243; force_font_size=&#8220;true&#8220; size_smallscreen=&#8220;23&#8243; size_tablet=&#8220;21&#8243; size_phone=&#8220;19&#8243;]Sie k\u00f6nnen in akuten Krisen ein Kriseninterventionsteam, Akut-Team oder auch psychologische Begleitung \u00fcber die Polizei oder Rettung anfordern.[\/mk_blockquote][\/vc_column_inner][\/vc_row_inner][mk_padding_divider size=&#8220;30&#8243; visibility=&#8220;hidden-sm&#8220;][\/vc_column][\/mk_page_section]\n<\/div>","protected":false},"excerpt":{"rendered":"<p>[mk_page_section attachment=&#8220;fixed&#8220; bg_position=&#8220;center center&#8220; bg_repeat=&#8220;no-repeat&#8220; speed_factor=&#8220;-0.5&#8243; bg_gradient=&#8220;vertical&#8220; video_color_mask=&#8220;rgba(0,0,0,0.5)&#8220; gr_end=&#8220;rgba(0,0,0,0.1)&#8220; min_height=&#8220;0&#8243; full_width=&#8220;true&#8220; padding_top=&#8220;40&#8243; padding_bottom=&#8220;40&#8243; section_id=&#8220;kontakt&#8220; sidebar=&#8220;sidebar-1&#8243;][vc_column][mk_padding_divider size=&#8220;80&#8243; visibility=&#8220;hidden-sm&#8220;][mk_fancy_title strip_tags=&#8220;true&#8220; tag_name=&#8220;h1&#8243; color=&#8220;#ffffff&#8220; size=&#8220;60&#8243; force_font_size=&#8220;true&#8220; size_smallscreen=&#8220;55&#8243; size_tablet=&#8220;40&#8243; size_phone=&#8220;30&#8243; font_style=&#8220;italic&#8220; letter_spacing=&#8220;2&#8243; margin_bottom=&#8220;15&#8243; font_family=&#8220;none&#8220; align=&#8220;center&#8220;]Bestattung Aigner[\/mk_fancy_title][mk_fancy_title strip_tags=&#8220;true&#8220; color=&#8220;#ffffff&#8220; size=&#8220;55&#8243; force_font_size=&#8220;true&#8220; size_smallscreen=&#8220;50&#8243; size_tablet=&#8220;35&#8243; size_phone=&#8220;25&#8243; font_style=&#8220;italic&#8220; letter_spacing=&#8220;1&#8243; margin_bottom=&#8220;0&#8243; font_family=&#8220;none&#8220; align=&#8220;center&#8220;]Gaming[\/mk_fancy_title][mk_padding_divider size=&#8220;80&#8243; visibility=&#8220;hidden-sm&#8220;][\/vc_column][\/mk_page_section][mk_page_section bg_color=&#8220;#ffffff&#8220; full_width=&#8220;true&#8220; padding_top=&#8220;40&#8243; padding_bottom=&#8220;40&#8243; section_id=&#8220;kontakt&#8220; sidebar=&#8220;sidebar-1&#8243;][vc_column][mk_padding_divider size=&#8220;30&#8243; visibility=&#8220;hidden-sm&#8220;][mk_fancy_title strip_tags=&#8220;true&#8220; tag_name=&#8220;h3&#8243; [&hellip;]<\/p>\n","protected":false},"author":1,"featured_media":0,"parent":0,"menu_order":0,"comment_status":"closed","ping_status":"open","template":"","meta":{"_acf_changed":false,"footnotes":""},"class_list":["post-2","page","type-page","status-publish","hentry"],"acf":[],"yoast_head":"<!-- This site is optimized with the Yoast SEO plugin v27.1.1 - https:\/\/yoast.com\/product\/yoast-seo-wordpress\/ -->\n<title>Update - Bestattung Aigner Gaming<\/title>\n<meta name=\"robots\" content=\"noindex, follow, max-snippet:-1, max-image-preview:large, max-video-preview:-1\" \/>\n<meta property=\"og:locale\" content=\"de_DE\" \/>\n<meta property=\"og:type\" content=\"article\" \/>\n<meta property=\"og:title\" content=\"Update - Bestattung Aigner Gaming\" \/>\n<meta property=\"og:description\" content=\"[mk_page_section attachment=&#8220;fixed&#8220; bg_position=&#8220;center center&#8220; bg_repeat=&#8220;no-repeat&#8220; speed_factor=&#8220;-0.5&#8243; bg_gradient=&#8220;vertical&#8220; video_color_mask=&#8220;rgba(0,0,0,0.5)&#8220; gr_end=&#8220;rgba(0,0,0,0.1)&#8220; min_height=&#8220;0&#8243; full_width=&#8220;true&#8220; padding_top=&#8220;40&#8243; padding_bottom=&#8220;40&#8243; section_id=&#8220;kontakt&#8220; sidebar=&#8220;sidebar-1&#8243;][vc_column][mk_padding_divider size=&#8220;80&#8243; visibility=&#8220;hidden-sm&#8220;][mk_fancy_title strip_tags=&#8220;true&#8220; tag_name=&#8220;h1&#8243; color=&#8220;#ffffff&#8220; size=&#8220;60&#8243; force_font_size=&#8220;true&#8220; size_smallscreen=&#8220;55&#8243; size_tablet=&#8220;40&#8243; size_phone=&#8220;30&#8243; font_style=&#8220;italic&#8220; letter_spacing=&#8220;2&#8243; margin_bottom=&#8220;15&#8243; font_family=&#8220;none&#8220; align=&#8220;center&#8220;]Bestattung Aigner[\/mk_fancy_title][mk_fancy_title strip_tags=&#8220;true&#8220; color=&#8220;#ffffff&#8220; size=&#8220;55&#8243; force_font_size=&#8220;true&#8220; size_smallscreen=&#8220;50&#8243; size_tablet=&#8220;35&#8243; size_phone=&#8220;25&#8243; font_style=&#8220;italic&#8220; letter_spacing=&#8220;1&#8243; margin_bottom=&#8220;0&#8243; font_family=&#8220;none&#8220; align=&#8220;center&#8220;]Gaming[\/mk_fancy_title][mk_padding_divider size=&#8220;80&#8243; visibility=&#8220;hidden-sm&#8220;][\/vc_column][\/mk_page_section][mk_page_section bg_color=&#8220;#ffffff&#8220; full_width=&#8220;true&#8220; padding_top=&#8220;40&#8243; padding_bottom=&#8220;40&#8243; section_id=&#8220;kontakt&#8220; sidebar=&#8220;sidebar-1&#8243;][vc_column][mk_padding_divider size=&#8220;30&#8243; visibility=&#8220;hidden-sm&#8220;][mk_fancy_title strip_tags=&#8220;true&#8220; tag_name=&#8220;h3&#8243; [&hellip;]\" \/>\n<meta property=\"og:url\" content=\"https:\/\/test.bestattung-gaming.at\/\" \/>\n<meta property=\"og:site_name\" content=\"Bestattung Aigner Gaming\" \/>\n<meta property=\"article:modified_time\" content=\"2026-03-04T11:25:42+00:00\" \/>\n<meta name=\"twitter:card\" content=\"summary_large_image\" \/>\n<meta name=\"twitter:label1\" content=\"Gesch\u00e4tzte Lesezeit\" \/>\n\t<meta name=\"twitter:data1\" content=\"7\u00a0Minuten\" \/>\n<script type=\"application\/ld+json\" class=\"yoast-schema-graph\">{\"@context\":\"https:\/\/schema.org\",\"@graph\":[{\"@type\":\"WebPage\",\"@id\":\"https:\/\/test.bestattung-gaming.at\/\",\"url\":\"https:\/\/test.bestattung-gaming.at\/\",\"name\":\"Update - Bestattung Aigner Gaming\",\"isPartOf\":{\"@id\":\"https:\/\/test.bestattung-gaming.at\/#website\"},\"datePublished\":\"2026-03-04T11:04:19+00:00\",\"dateModified\":\"2026-03-04T11:25:42+00:00\",\"breadcrumb\":{\"@id\":\"https:\/\/test.bestattung-gaming.at\/#breadcrumb\"},\"inLanguage\":\"de\",\"potentialAction\":[{\"@type\":\"ReadAction\",\"target\":[\"https:\/\/test.bestattung-gaming.at\/\"]}]},{\"@type\":\"BreadcrumbList\",\"@id\":\"https:\/\/test.bestattung-gaming.at\/#breadcrumb\",\"itemListElement\":[{\"@type\":\"ListItem\",\"position\":1,\"name\":\"Start\",\"item\":\"https:\/\/test.bestattung-gaming.at\/\"},{\"@type\":\"ListItem\",\"position\":2,\"name\":\"Update\"}]},{\"@type\":\"WebSite\",\"@id\":\"https:\/\/test.bestattung-gaming.at\/#website\",\"url\":\"https:\/\/test.bestattung-gaming.at\/\",\"name\":\"Bestattung Aigner Gaming\",\"description\":\"\",\"potentialAction\":[{\"@type\":\"SearchAction\",\"target\":{\"@type\":\"EntryPoint\",\"urlTemplate\":\"https:\/\/test.bestattung-gaming.at\/?s={search_term_string}\"},\"query-input\":{\"@type\":\"PropertyValueSpecification\",\"valueRequired\":true,\"valueName\":\"search_term_string\"}}],\"inLanguage\":\"de\"}]}<\/script>\n<!-- \/ Yoast SEO plugin. -->","yoast_head_json":{"title":"Update - Bestattung Aigner Gaming","robots":{"index":"noindex","follow":"follow","max-snippet":"max-snippet:-1","max-image-preview":"max-image-preview:large","max-video-preview":"max-video-preview:-1"},"og_locale":"de_DE","og_type":"article","og_title":"Update - Bestattung Aigner Gaming","og_description":"[mk_page_section attachment=&#8220;fixed&#8220; bg_position=&#8220;center center&#8220; bg_repeat=&#8220;no-repeat&#8220; speed_factor=&#8220;-0.5&#8243; bg_gradient=&#8220;vertical&#8220; video_color_mask=&#8220;rgba(0,0,0,0.5)&#8220; gr_end=&#8220;rgba(0,0,0,0.1)&#8220; min_height=&#8220;0&#8243; full_width=&#8220;true&#8220; padding_top=&#8220;40&#8243; padding_bottom=&#8220;40&#8243; section_id=&#8220;kontakt&#8220; sidebar=&#8220;sidebar-1&#8243;][vc_column][mk_padding_divider size=&#8220;80&#8243; visibility=&#8220;hidden-sm&#8220;][mk_fancy_title strip_tags=&#8220;true&#8220; tag_name=&#8220;h1&#8243; color=&#8220;#ffffff&#8220; size=&#8220;60&#8243; force_font_size=&#8220;true&#8220; size_smallscreen=&#8220;55&#8243; size_tablet=&#8220;40&#8243; size_phone=&#8220;30&#8243; font_style=&#8220;italic&#8220; letter_spacing=&#8220;2&#8243; margin_bottom=&#8220;15&#8243; font_family=&#8220;none&#8220; align=&#8220;center&#8220;]Bestattung Aigner[\/mk_fancy_title][mk_fancy_title strip_tags=&#8220;true&#8220; color=&#8220;#ffffff&#8220; size=&#8220;55&#8243; force_font_size=&#8220;true&#8220; size_smallscreen=&#8220;50&#8243; size_tablet=&#8220;35&#8243; size_phone=&#8220;25&#8243; font_style=&#8220;italic&#8220; letter_spacing=&#8220;1&#8243; margin_bottom=&#8220;0&#8243; font_family=&#8220;none&#8220; align=&#8220;center&#8220;]Gaming[\/mk_fancy_title][mk_padding_divider size=&#8220;80&#8243; visibility=&#8220;hidden-sm&#8220;][\/vc_column][\/mk_page_section][mk_page_section bg_color=&#8220;#ffffff&#8220; full_width=&#8220;true&#8220; padding_top=&#8220;40&#8243; padding_bottom=&#8220;40&#8243; section_id=&#8220;kontakt&#8220; sidebar=&#8220;sidebar-1&#8243;][vc_column][mk_padding_divider size=&#8220;30&#8243; visibility=&#8220;hidden-sm&#8220;][mk_fancy_title strip_tags=&#8220;true&#8220; tag_name=&#8220;h3&#8243; [&hellip;]","og_url":"https:\/\/test.bestattung-gaming.at\/","og_site_name":"Bestattung Aigner Gaming","article_modified_time":"2026-03-04T11:25:42+00:00","twitter_card":"summary_large_image","twitter_misc":{"Gesch\u00e4tzte Lesezeit":"7\u00a0Minuten"},"schema":{"@context":"https:\/\/schema.org","@graph":[{"@type":"WebPage","@id":"https:\/\/test.bestattung-gaming.at\/","url":"https:\/\/test.bestattung-gaming.at\/","name":"Update - Bestattung Aigner Gaming","isPartOf":{"@id":"https:\/\/test.bestattung-gaming.at\/#website"},"datePublished":"2026-03-04T11:04:19+00:00","dateModified":"2026-03-04T11:25:42+00:00","breadcrumb":{"@id":"https:\/\/test.bestattung-gaming.at\/#breadcrumb"},"inLanguage":"de","potentialAction":[{"@type":"ReadAction","target":["https:\/\/test.bestattung-gaming.at\/"]}]},{"@type":"BreadcrumbList","@id":"https:\/\/test.bestattung-gaming.at\/#breadcrumb","itemListElement":[{"@type":"ListItem","position":1,"name":"Start","item":"https:\/\/test.bestattung-gaming.at\/"},{"@type":"ListItem","position":2,"name":"Update"}]},{"@type":"WebSite","@id":"https:\/\/test.bestattung-gaming.at\/#website","url":"https:\/\/test.bestattung-gaming.at\/","name":"Bestattung Aigner Gaming","description":"","potentialAction":[{"@type":"SearchAction","target":{"@type":"EntryPoint","urlTemplate":"https:\/\/test.bestattung-gaming.at\/?s={search_term_string}"},"query-input":{"@type":"PropertyValueSpecification","valueRequired":true,"valueName":"search_term_string"}}],"inLanguage":"de"}]}},"_links":{"self":[{"href":"https:\/\/test.bestattung-gaming.at\/index.php?rest_route=\/wp\/v2\/pages\/2","targetHints":{"allow":["GET"]}}],"collection":[{"href":"https:\/\/test.bestattung-gaming.at\/index.php?rest_route=\/wp\/v2\/pages"}],"about":[{"href":"https:\/\/test.bestattung-gaming.at\/index.php?rest_route=\/wp\/v2\/types\/page"}],"author":[{"embeddable":true,"href":"https:\/\/test.bestattung-gaming.at\/index.php?rest_route=\/wp\/v2\/users\/1"}],"replies":[{"embeddable":true,"href":"https:\/\/test.bestattung-gaming.at\/index.php?rest_route=%2Fwp%2Fv2%2Fcomments&post=2"}],"version-history":[{"count":3,"href":"https:\/\/test.bestattung-gaming.at\/index.php?rest_route=\/wp\/v2\/pages\/2\/revisions"}],"predecessor-version":[{"id":9,"href":"https:\/\/test.bestattung-gaming.at\/index.php?rest_route=\/wp\/v2\/pages\/2\/revisions\/9"}],"wp:attachment":[{"href":"https:\/\/test.bestattung-gaming.at\/index.php?rest_route=%2Fwp%2Fv2%2Fmedia&parent=2"}],"curies":[{"name":"wp","href":"https:\/\/api.w.org\/{rel}","templated":true}]}}